{"id":2343,"date":"2024-02-01T10:30:28","date_gmt":"2024-02-01T10:30:28","guid":{"rendered":"https:\/\/ineautom-dz.com\/?page_id=2343"},"modified":"2025-12-19T13:32:04","modified_gmt":"2025-12-19T13:32:04","slug":"secteur-dactivite","status":"publish","type":"page","link":"https:\/\/ineautom-dz.com\/?page_id=2343","title":{"rendered":"Secteur d&#8217;activit\u00e9"},"content":{"rendered":"\t\t<div data-elementor-type=\"wp-page\" data-elementor-id=\"2343\" class=\"elementor elementor-2343\">\n\t\t\t\t\t\t\t\t\t<section class=\"elementor-section elementor-top-section elementor-element elementor-element-888a2ba elementor-section-boxed elementor-section-height-default elementor-section-height-default\" data-id=\"888a2ba\" data-element_type=\"section\">\n\t\t\t\t\t\t<div class=\"elementor-container elementor-column-gap-default\">\n\t\t\t\t\t<div class=\"elementor-column elementor-col-100 elementor-top-column elementor-element elementor-element-1dbac95\" data-id=\"1dbac95\" data-element_type=\"column\">\n\t\t\t<div class=\"elementor-widget-wrap elementor-element-populated\">\n\t\t\t\t\t\t\t\t<div class=\"elementor-element elementor-element-649948d elementor-widget elementor-widget-slider_revolution\" data-id=\"649948d\" data-element_type=\"widget\" data-widget_type=\"slider_revolution.default\">\n\t\t\t\t<div class=\"elementor-widget-container\">\n\t\t\t\n\t\t<div class=\"wp-block-themepunch-revslider\">\n\t\t\t<!-- START Secteur d&#039;activit\u00e9 REVOLUTION SLIDER 6.5.7 --><p class=\"rs-p-wp-fix\"><\/p>\n\t\t\t<rs-module-wrap id=\"rev_slider_7_1_wrapper\" data-source=\"gallery\" style=\"visibility:hidden;background:transparent;padding:0;margin:0px auto;margin-top:0;margin-bottom:0;\">\n\t\t\t\t<rs-module id=\"rev_slider_7_1\" style=\"\" data-version=\"6.5.7\">\n\t\t\t\t\t<rs-slides>\n\t\t\t\t\t\t<rs-slide style=\"position: absolute;\" data-key=\"rs-18\" data-title=\"Slide\" data-in=\"prst:rndany;x:(100%);\">\n\t\t\t\t\t\t\t<img loading=\"lazy\" decoding=\"async\" src=\"\/\/ineautom-dz.com\/wp-content\/plugins\/revslider\/public\/assets\/assets\/dummy.png\" title=\"secteur d&#8217;activite\" width=\"838\" height=\"445\" class=\"rev-slidebg tp-rs-img rs-lazyload\" data-lazyload=\"\/\/ineautom-dz.com\/wp-content\/uploads\/2024\/02\/secteur-dactivite.jpg\" data-no-retina>\n<!--\n\t\t\t\t\t\t\t--><rs-group\n\t\t\t\t\t\t\t\tid=\"slider-7-slide-18-layer-5\" \n\t\t\t\t\t\t\t\tdata-type=\"group\"\n\t\t\t\t\t\t\t\tdata-rsp_ch=\"on\"\n\t\t\t\t\t\t\t\tdata-xy=\"xo:131px,126px,43px,45px;yo:50px,56px,7px,22px;\"\n\t\t\t\t\t\t\t\tdata-text=\"w:normal;s:20,15,15,9;l:0,18,18,11;\"\n\t\t\t\t\t\t\t\tdata-dim=\"w:733px,556px,556px,293px;h:255px,263px,248px,187px;\"\n\t\t\t\t\t\t\t\tdata-frame_0=\"o:1;\"\n\t\t\t\t\t\t\t\tdata-frame_0_chars=\"d:5;x:105%;o:1;rY:45deg;rZ:90deg;\"\n\t\t\t\t\t\t\t\tdata-frame_0_mask=\"u:t;\"\n\t\t\t\t\t\t\t\tdata-frame_1=\"st:870;sp:1200;sR:870;\"\n\t\t\t\t\t\t\t\tdata-frame_1_chars=\"e:power4.inOut;d:10;rZ:0deg;\"\n\t\t\t\t\t\t\t\tdata-frame_1_mask=\"u:t;\"\n\t\t\t\t\t\t\t\tdata-frame_999=\"o:0;st:w;sR:6930;sA:9000;\"\n\t\t\t\t\t\t\t\tstyle=\"z-index:11;background-color:rgba(0,148,125,0.77);\"\n\t\t\t\t\t\t\t><!--\n\t\t\t\t\t\t\t\t--><rs-layer\n\t\t\t\t\t\t\t\t\tid=\"slider-7-slide-18-layer-3\" \n\t\t\t\t\t\t\t\t\tdata-type=\"text\"\n\t\t\t\t\t\t\t\t\tdata-color=\"#000000\"\n\t\t\t\t\t\t\t\t\tdata-rsp_ch=\"on\"\n\t\t\t\t\t\t\t\t\tdata-xy=\"xo:22px,31px,14px,3px;yo:82px,57px,58px,47px;\"\n\t\t\t\t\t\t\t\t\tdata-text=\"w:normal;s:20,14,14,12;l:30,22,28,19;ls:2,1,1,0px;fw:700;\"\n\t\t\t\t\t\t\t\t\tdata-dim=\"w:654px,496px,577px,236px;\"\n\t\t\t\t\t\t\t\t\tdata-frame_0=\"x:-175%;o:1;\"\n\t\t\t\t\t\t\t\t\tdata-frame_0_mask=\"u:t;x:100%;\"\n\t\t\t\t\t\t\t\t\tdata-frame_1=\"e:power3.out;st:3100;sp:1000;sR:3230;\"\n\t\t\t\t\t\t\t\t\tdata-frame_1_mask=\"u:t;\"\n\t\t\t\t\t\t\t\t\tdata-frame_999=\"o:0;st:w;sR:3900;\"\n\t\t\t\t\t\t\t\t\tstyle=\"z-index:8;font-family:'Fira Sans Condensed';text-transform:uppercase;\"\n\t\t\t\t\t\t\t\t>Automatisme, \u00c9lectricit\u00e9 Industrielle et Solutions SCADA \n\t\t\t\t\t\t\t\t<\/rs-layer><!--\n\n\t\t\t\t\t\t\t\t--><rs-layer\n\t\t\t\t\t\t\t\t\tid=\"slider-7-slide-18-layer-4\" \n\t\t\t\t\t\t\t\t\tdata-type=\"text\"\n\t\t\t\t\t\t\t\t\tdata-color=\"#000000\"\n\t\t\t\t\t\t\t\t\tdata-rsp_ch=\"on\"\n\t\t\t\t\t\t\t\t\tdata-xy=\"x:c;xo:-60px,-31px,27px,2px;y:m;yo:-74px,-87px,-76px,-51px;\"\n\t\t\t\t\t\t\t\t\tdata-text=\"w:normal;s:20,14,14,12;l:30,22,28,19;ls:2,1,1,0px;fw:700;\"\n\t\t\t\t\t\t\t\t\tdata-dim=\"w:570px,433px,577px,294px;\"\n\t\t\t\t\t\t\t\t\tdata-frame_0=\"x:-175%;o:1;\"\n\t\t\t\t\t\t\t\t\tdata-frame_0_mask=\"u:t;x:100%;\"\n\t\t\t\t\t\t\t\t\tdata-frame_1=\"e:power3.out;st:2100;sp:1000;sR:3230;\"\n\t\t\t\t\t\t\t\t\tdata-frame_1_mask=\"u:t;\"\n\t\t\t\t\t\t\t\t\tdata-frame_999=\"o:0;st:w;sR:3900;\"\n\t\t\t\t\t\t\t\t\tstyle=\"z-index:9;font-family:'Fira Sans Condensed';text-transform:uppercase;\"\n\t\t\t\t\t\t\t\t>Secteur d'activit\u00e9<br \/>\n \n\t\t\t\t\t\t\t\t<\/rs-layer><!--\n\n\t\t\t\t\t\t\t\t--><rs-layer\n\t\t\t\t\t\t\t\t\tid=\"slider-7-slide-18-layer-21\" \n\t\t\t\t\t\t\t\t\tdata-type=\"text\"\n\t\t\t\t\t\t\t\t\tdata-color=\"#fff\"\n\t\t\t\t\t\t\t\t\tdata-rsp_ch=\"on\"\n\t\t\t\t\t\t\t\t\tdata-xy=\"x:l,l,r,l;xo:24px,29px,51px,3px;y:b,t,t,t;yo:0,91px,96px,84px;\"\n\t\t\t\t\t\t\t\t\tdata-text=\"w:normal;s:16,14,12,10;l:40,35,35,21;ls:1,0,0,0;fw:500;\"\n\t\t\t\t\t\t\t\t\tdata-dim=\"w:668px,465px,492px,268px;h:auto,auto,auto,88px;minh:0px,none,none,none;\"\n\t\t\t\t\t\t\t\t\tdata-frame_0=\"x:0,0px,0px,0px;y:0,0px,0px,0px;\"\n\t\t\t\t\t\t\t\t\tdata-frame_1=\"x:0,0px,0px,0px;y:0,0px,0px,0px;st:1800;sp:580;sR:930;\"\n\t\t\t\t\t\t\t\t\tdata-frame_999=\"o:0;st:w;sR:6620;\"\n\t\t\t\t\t\t\t\t\tstyle=\"z-index:10;font-family:'Roboto';\"\n\t\t\t\t\t\t\t\t>Nous sommes sp\u00e9cialis\u00e9s dans la conception, l'installation et la maintenance de syst\u00e8mes automatis\u00e9s, d'installations \u00e9lectriques industrielles et de solutions SCADA (Supervisory Control and Data Acquisition).  \n\t\t\t\t\t\t\t\t<\/rs-layer><!--\n\t\t\t\t\t\t\t--><\/rs-group><!--\n-->\t\t\t\t\t\t<\/rs-slide>\n\t\t\t\t\t<\/rs-slides>\n\t\t\t\t\t<rs-static-layers><!--\n\t\t\t\t\t--><\/rs-static-layers>\n\t\t\t\t<\/rs-module>\n\t\t\t\t<script type=\"text\/javascript\">\n\t\t\t\t\tsetREVStartSize({c: 'rev_slider_7_1',rl:[1240,1024,778,480],el:[420,420,420,420],gw:[1024,778,778,480],gh:[420,420,420,420],type:'hero',justify:'',layout:'fullwidth',mh:\"0\"});if (window.RS_MODULES!==undefined && window.RS_MODULES.modules!==undefined && window.RS_MODULES.modules[\"revslider71\"]!==undefined) {window.RS_MODULES.modules[\"revslider71\"].once = false;window.revapi7 = undefined;if (window.RS_MODULES.checkMinimal!==undefined) window.RS_MODULES.checkMinimal()}\n\t\t\t\t<\/script>\n\t\t\t<\/rs-module-wrap>\n\t\t\t<!-- END REVOLUTION SLIDER -->\n<\/div>\n\n\t\t\t\t<\/div>\n\t\t\t\t<\/div>\n\t\t\t\t\t<\/div>\n\t\t<\/div>\n\t\t\t\t\t\t\t<\/div>\n\t\t<\/section>\n\t\t\t\t<section class=\"elementor-section elementor-top-section elementor-element elementor-element-800c4bd elementor-section-boxed elementor-section-height-default elementor-section-height-default\" data-id=\"800c4bd\" data-element_type=\"section\" data-settings=\"{&quot;background_background&quot;:&quot;classic&quot;,&quot;shape_divider_top&quot;:&quot;curve&quot;}\">\n\t\t\t\t\t<div class=\"elementor-shape elementor-shape-top\" data-negative=\"false\">\n\t\t\t<svg xmlns=\"http:\/\/www.w3.org\/2000\/svg\" viewBox=\"0 0 1000 100\" preserveAspectRatio=\"none\">\n    <path class=\"elementor-shape-fill\" d=\"M1000,4.3V0H0v4.3C0.9,23.1,126.7,99.2,500,100S1000,22.7,1000,4.3z\"\/>\n<\/svg>\t\t<\/div>\n\t\t\t\t\t<div class=\"elementor-container elementor-column-gap-default\">\n\t\t\t\t\t<div class=\"elementor-column elementor-col-100 elementor-top-column elementor-element elementor-element-f161d8d\" data-id=\"f161d8d\" data-element_type=\"column\">\n\t\t\t<div class=\"elementor-widget-wrap elementor-element-populated\">\n\t\t\t\t\t\t\t\t<div class=\"elementor-element elementor-element-1f8678d elementor-widget elementor-widget-hfe-site-tagline\" data-id=\"1f8678d\" data-element_type=\"widget\" data-widget_type=\"hfe-site-tagline.default\">\n\t\t\t\t<div class=\"elementor-widget-container\">\n\t\t\t\t\t<div class=\"hfe-site-tagline hfe-site-tagline-wrapper\">\n\t\t\t\t\t\t<span>\n\t\t\t\t\t\t\t\t\t\t\t\t<\/span>\n\t\t<\/div>\n\t\t\t\t<\/div>\n\t\t\t\t<\/div>\n\t\t\t\t<div class=\"elementor-element elementor-element-826677e elementor-widget elementor-widget-elementskit-heading\" data-id=\"826677e\" data-element_type=\"widget\" data-widget_type=\"elementskit-heading.default\">\n\t\t\t\t<div class=\"elementor-widget-container\">\n\t\t\t<div class=\"ekit-wid-con\" ><div class=\"ekit-heading elementskit-section-title-wraper text_center   ekit_heading_tablet-   ekit_heading_mobile-\"><h2 class=\"ekit-heading--title elementskit-section-title \">Secteur <span>d'activit\u00e9s<\/span><\/h2>\t\t\t\t<div class='ekit-heading__description'>\n\t\t\t\t\t<p>Gr\u00e2ce \u00e0 notre expertise, nous offrons des solutions adapt\u00e9es aux besoins sp\u00e9cifiques de votre industrie, visant \u00e0 am\u00e9liorer l'efficacit\u00e9, la s\u00e9curit\u00e9 et la performance de vos installations. Nous intervenons dans une large gamme de secteurs tels que la production industrielle, l\u2019\u00e9nergie, les infrastructures et bien d'autres, en vous garantissant des solutions \u00e0 la pointe de la technologie et un service sur mesure.<\/p>\n\t\t\t\t<\/div>\n\t\t\t<div class=\"ekit_heading_separetor_wraper ekit_heading_elementskit-border-divider elementskit-style-long\"><div class=\"elementskit-border-divider elementskit-style-long\"><\/div><\/div><\/div><\/div>\t\t<\/div>\n\t\t\t\t<\/div>\n\t\t\t\t\t<\/div>\n\t\t<\/div>\n\t\t\t\t\t\t\t<\/div>\n\t\t<\/section>\n\t\t\t\t<section class=\"elementor-section elementor-top-section elementor-element elementor-element-45668b4c elementor-section-boxed elementor-section-height-default elementor-section-height-default\" data-id=\"45668b4c\" data-element_type=\"section\">\n\t\t\t\t\t\t<div class=\"elementor-container elementor-column-gap-default\">\n\t\t\t\t\t<div class=\"elementor-column elementor-col-100 elementor-top-column elementor-element elementor-element-894e337\" data-id=\"894e337\" data-element_type=\"column\">\n\t\t\t<div class=\"elementor-widget-wrap elementor-element-populated\">\n\t\t\t\t\t\t\t\t<section class=\"elementor-section elementor-inner-section elementor-element elementor-element-17c794cd elementor-section-height-min-height elementor-section-boxed elementor-section-height-default elementor-invisible\" data-id=\"17c794cd\" data-element_type=\"section\" data-settings=\"{&quot;animation&quot;:&quot;zoomIn&quot;}\">\n\t\t\t\t\t\t<div class=\"elementor-container elementor-column-gap-extended\">\n\t\t\t\t\t<div class=\"elementor-column elementor-col-33 elementor-inner-column elementor-element elementor-element-5c3cecbd\" data-id=\"5c3cecbd\" data-element_type=\"column\">\n\t\t\t<div class=\"elementor-widget-wrap elementor-element-populated\">\n\t\t\t\t\t\t\t\t<div class=\"elementor-element elementor-element-7fdaff3 ekit-equal-height-disable elementor-widget elementor-widget-elementskit-icon-box\" data-id=\"7fdaff3\" data-element_type=\"widget\" data-widget_type=\"elementskit-icon-box.default\">\n\t\t\t\t<div class=\"elementor-widget-container\">\n\t\t\t<div class=\"ekit-wid-con\" >        <!-- link opening -->\n                <a href=\"#\" target=\"_self\" rel=\"\" class=\"ekit_global_links\">\n                <!-- end link opening -->\n\n        <div class=\"elementskit-infobox text- text-left icon-lef-right-aligin elementor-animation- media  \">\n                    <div class=\"elementskit-box-header elementor-animation-\">\n                <div class=\"elementskit-info-box-icon  text-center\">\n                    <i aria-hidden=\"true\" class=\"elementkit-infobox-icon icon icon-handshake\"><\/i>\n                <\/div>\n          <\/div>\n                        <div class=\"box-body\">\n                            <h3 class=\"elementskit-info-box-title\">\n                    Hydraulique                <\/h3>\n                        \t\t  <p>Nous proposons des solutions en hydraulique pour r\u00e9pondre aux besoins de vos syst\u00e8mes industriels. Que ce soit pour la conception, l\u2019installation ou la maintenance de circuits et \u00e9quipements hydrauliques, nous mettons \u00e0 votre disposition notre expertise pour garantir la performance, la fiabilit\u00e9 et la s\u00e9curit\u00e9 de vos installations. <\/p>\n                                <\/div>\n        \n        \n                <\/div>\n                <\/a>\n        <\/div>\t\t<\/div>\n\t\t\t\t<\/div>\n\t\t\t\t\t<\/div>\n\t\t<\/div>\n\t\t\t\t<div class=\"elementor-column elementor-col-33 elementor-inner-column elementor-element elementor-element-328ef0a7\" data-id=\"328ef0a7\" data-element_type=\"column\">\n\t\t\t<div class=\"elementor-widget-wrap elementor-element-populated\">\n\t\t\t\t\t\t\t\t<div class=\"elementor-element elementor-element-bd6dcca ekit-equal-height-disable elementor-widget elementor-widget-elementskit-icon-box\" data-id=\"bd6dcca\" data-element_type=\"widget\" data-widget_type=\"elementskit-icon-box.default\">\n\t\t\t\t<div class=\"elementor-widget-container\">\n\t\t\t<div class=\"ekit-wid-con\" >        <!-- link opening -->\n                <a href=\"#\" target=\"_self\" rel=\"\" class=\"ekit_global_links\">\n                <!-- end link opening -->\n\n        <div class=\"elementskit-infobox text- text-left icon-lef-right-aligin elementor-animation- media  \">\n                    <div class=\"elementskit-box-header elementor-animation-\">\n                <div class=\"elementskit-info-box-icon  text-center\">\n                    <i aria-hidden=\"true\" class=\"elementkit-infobox-icon icon icon-handshake\"><\/i>\n                <\/div>\n          <\/div>\n                        <div class=\"box-body\">\n                            <h3 class=\"elementskit-info-box-title\">\n                    Energie                <\/h3>\n                        \t\t  <p>Nous offrons des solutions compl\u00e8tes en gestion et optimisation de l\u2019\u00e9nergie pour les secteurs industriels. De la conception \u00e0 l'installation, en passant par la maintenance, nous vous accompagnons dans la mise en place de syst\u00e8mes \u00e9nerg\u00e9tiques efficaces et durables. Nous vous aidons \u00e0 r\u00e9duire vos co\u00fbts \u00e9nerg\u00e9tiques.<\/p>\n                                <\/div>\n        \n        \n                <\/div>\n                <\/a>\n        <\/div>\t\t<\/div>\n\t\t\t\t<\/div>\n\t\t\t\t\t<\/div>\n\t\t<\/div>\n\t\t\t\t<div class=\"elementor-column elementor-col-33 elementor-inner-column elementor-element elementor-element-71270512 elementor-hidden-tablet\" data-id=\"71270512\" data-element_type=\"column\">\n\t\t\t<div class=\"elementor-widget-wrap elementor-element-populated\">\n\t\t\t\t\t\t\t\t<div class=\"elementor-element elementor-element-7ae03126 ekit-equal-height-disable elementor-widget elementor-widget-elementskit-icon-box\" data-id=\"7ae03126\" data-element_type=\"widget\" data-widget_type=\"elementskit-icon-box.default\">\n\t\t\t\t<div class=\"elementor-widget-container\">\n\t\t\t<div class=\"ekit-wid-con\" >        <!-- link opening -->\n                <a href=\"#\" target=\"_self\" rel=\"\" class=\"ekit_global_links\">\n                <!-- end link opening -->\n\n        <div class=\"elementskit-infobox text- text-left icon-lef-right-aligin elementor-animation- media  \">\n                    <div class=\"elementskit-box-header elementor-animation-\">\n                <div class=\"elementskit-info-box-icon  text-center\">\n                    <i aria-hidden=\"true\" class=\"elementkit-infobox-icon icon icon-handshake\"><\/i>\n                <\/div>\n          <\/div>\n                        <div class=\"box-body\">\n                            <h3 class=\"elementskit-info-box-title\">\n                    Industrie agro                <\/h3>\n                        \t\t  <p>Nous apportons notre expertise \u00e0 l\u2019industrie agroalimentaire en proposant des solutions sur mesure pour automatiser, contr\u00f4ler et optimiser vos processus de production. De la gestion des lignes de production \u00e0 la maintenance des \u00e9quipements, nous vous offrons des syst\u00e8mes fiables et performants.<\/p>\n                                <\/div>\n        \n        \n                <\/div>\n                <\/a>\n        <\/div>\t\t<\/div>\n\t\t\t\t<\/div>\n\t\t\t\t\t<\/div>\n\t\t<\/div>\n\t\t\t\t\t\t\t<\/div>\n\t\t<\/section>\n\t\t\t\t<section class=\"elementor-section elementor-inner-section elementor-element elementor-element-41beac4b elementor-section-height-min-height elementor-section-boxed elementor-section-height-default elementor-invisible\" data-id=\"41beac4b\" data-element_type=\"section\" data-settings=\"{&quot;animation&quot;:&quot;lightSpeedIn&quot;}\">\n\t\t\t\t\t\t<div class=\"elementor-container elementor-column-gap-narrow\">\n\t\t\t\t\t<div class=\"elementor-column elementor-col-33 elementor-inner-column elementor-element elementor-element-1d681567\" data-id=\"1d681567\" data-element_type=\"column\">\n\t\t\t<div class=\"elementor-widget-wrap elementor-element-populated\">\n\t\t\t\t\t\t\t\t<div class=\"elementor-element elementor-element-a805425 ekit-equal-height-disable elementor-widget elementor-widget-elementskit-icon-box\" data-id=\"a805425\" data-element_type=\"widget\" data-widget_type=\"elementskit-icon-box.default\">\n\t\t\t\t<div class=\"elementor-widget-container\">\n\t\t\t<div class=\"ekit-wid-con\" >        <!-- link opening -->\n                <a href=\"#\" target=\"_self\" rel=\"\" class=\"ekit_global_links\">\n                <!-- end link opening -->\n\n        <div class=\"elementskit-infobox text- text-left icon-lef-right-aligin elementor-animation- media  \">\n                    <div class=\"elementskit-box-header elementor-animation-\">\n                <div class=\"elementskit-info-box-icon  text-center\">\n                    <i aria-hidden=\"true\" class=\"elementkit-infobox-icon icon icon-handshake\"><\/i>\n                <\/div>\n          <\/div>\n                        <div class=\"box-body\">\n                            <h3 class=\"elementskit-info-box-title\">\n                    Cimenterie                <\/h3>\n                        \t\t  <p>Nous fournissons des solutions techniques avanc\u00e9es pour l\u2019industrie de la cimenterie, en optimisant vos processus de production et en assurant la performance de vos installations. De l\u2019automatisation des lignes de fabrication \u00e0 la gestion de l\u2019\u00e9nergie et des \u00e9quipements, nous vous accompagnons pour am\u00e9liorer l'efficacit\u00e9, r\u00e9duire les co\u00fbts et garantir la s\u00e9curit\u00e9 de vos op\u00e9rations. <\/p>\n                                <\/div>\n        \n        \n                <\/div>\n                <\/a>\n        <\/div>\t\t<\/div>\n\t\t\t\t<\/div>\n\t\t\t\t\t<\/div>\n\t\t<\/div>\n\t\t\t\t<div class=\"elementor-column elementor-col-33 elementor-inner-column elementor-element elementor-element-140bd686\" data-id=\"140bd686\" data-element_type=\"column\">\n\t\t\t<div class=\"elementor-widget-wrap elementor-element-populated\">\n\t\t\t\t\t\t\t\t<div class=\"elementor-element elementor-element-23f1f9f ekit-equal-height-disable elementor-widget elementor-widget-elementskit-icon-box\" data-id=\"23f1f9f\" data-element_type=\"widget\" data-widget_type=\"elementskit-icon-box.default\">\n\t\t\t\t<div class=\"elementor-widget-container\">\n\t\t\t<div class=\"ekit-wid-con\" >        <!-- link opening -->\n                <a href=\"#\" target=\"_self\" rel=\"\" class=\"ekit_global_links\">\n                <!-- end link opening -->\n\n        <div class=\"elementskit-infobox text- text-left icon-lef-right-aligin elementor-animation- media  \">\n                    <div class=\"elementskit-box-header elementor-animation-\">\n                <div class=\"elementskit-info-box-icon  text-center\">\n                    <i aria-hidden=\"true\" class=\"elementkit-infobox-icon icon icon-handshake\"><\/i>\n                <\/div>\n          <\/div>\n                        <div class=\"box-body\">\n                            <h3 class=\"elementskit-info-box-title\">\n                    Oil et Gas                <\/h3>\n                        \t\t  <p>Nous offrons des solutions technologiques de pointe pour l\u2019industrie p\u00e9troli\u00e8re et gazi\u00e8re, en automatisant et optimisant les processus de production, de transport et de distribution. De l'installation de syst\u00e8mes \u00e9lectriques et de contr\u00f4le \u00e0 la gestion des \u00e9quipements critiques, la s\u00e9curit\u00e9 et la fiabilit\u00e9 de vos infrastructures. Notre expertise permet de r\u00e9duire les risques, <\/p>\n                                <\/div>\n        \n        \n                <\/div>\n                <\/a>\n        <\/div>\t\t<\/div>\n\t\t\t\t<\/div>\n\t\t\t\t\t<\/div>\n\t\t<\/div>\n\t\t\t\t<div class=\"elementor-column elementor-col-33 elementor-inner-column elementor-element elementor-element-16af701a elementor-hidden-tablet\" data-id=\"16af701a\" data-element_type=\"column\">\n\t\t\t<div class=\"elementor-widget-wrap\">\n\t\t\t\t\t\t\t\t\t<\/div>\n\t\t<\/div>\n\t\t\t\t\t\t\t<\/div>\n\t\t<\/section>\n\t\t\t\t\t<\/div>\n\t\t<\/div>\n\t\t\t\t\t\t\t<\/div>\n\t\t<\/section>\n\t\t\t\t\t\t\t<\/div>\n\t\t\n    <div class=\"xs_social_share_widget xs_share_url after_content \t\tmain_content  wslu-style-1 wslu-share-box-shaped wslu-fill-colored wslu-none wslu-share-horizontal wslu-theme-font-no wslu-main_content\">\n\n\t\t\n        <ul>\n\t\t\t        <\/ul>\n    <\/div> \n","protected":false},"excerpt":{"rendered":"<p>Secteur d&#8217;activit\u00e9s Gr\u00e2ce \u00e0 notre expertise, nous offrons des solutions adapt\u00e9es aux besoins sp\u00e9cifiques de votre industrie, visant \u00e0 am\u00e9liorer l&#8217;efficacit\u00e9, la s\u00e9curit\u00e9 et la performance de vos installations. Nous intervenons dans une large gamme de secteurs tels que la production industrielle, l\u2019\u00e9nergie, les infrastructures et bien d&#8217;autres, en vous garantissant des solutions \u00e0 la [&hellip;]<\/p>\n","protected":false},"author":1,"featured_media":0,"parent":0,"menu_order":0,"comment_status":"closed","ping_status":"closed","template":"elementor_header_footer","meta":{"_themeisle_gutenberg_block_has_review":false,"footnotes":""},"acf":[],"_links":{"self":[{"href":"https:\/\/ineautom-dz.com\/index.php?rest_route=\/wp\/v2\/pages\/2343"}],"collection":[{"href":"https:\/\/ineautom-dz.com\/index.php?rest_route=\/wp\/v2\/pages"}],"about":[{"href":"https:\/\/ineautom-dz.com\/index.php?rest_route=\/wp\/v2\/types\/page"}],"author":[{"embeddable":true,"href":"https:\/\/ineautom-dz.com\/index.php?rest_route=\/wp\/v2\/users\/1"}],"replies":[{"embeddable":true,"href":"https:\/\/ineautom-dz.com\/index.php?rest_route=%2Fwp%2Fv2%2Fcomments&post=2343"}],"version-history":[{"count":53,"href":"https:\/\/ineautom-dz.com\/index.php?rest_route=\/wp\/v2\/pages\/2343\/revisions"}],"predecessor-version":[{"id":2670,"href":"https:\/\/ineautom-dz.com\/index.php?rest_route=\/wp\/v2\/pages\/2343\/revisions\/2670"}],"wp:attachment":[{"href":"https:\/\/ineautom-dz.com\/index.php?rest_route=%2Fwp%2Fv2%2Fmedia&parent=2343"}],"curies":[{"name":"wp","href":"https:\/\/api.w.org\/{rel}","templated":true}]}}