{"id":1658,"date":"2023-10-10T20:02:22","date_gmt":"2023-10-10T20:02:22","guid":{"rendered":"https:\/\/ineautom-dz.com\/?page_id=1658"},"modified":"2024-02-01T10:13:40","modified_gmt":"2024-02-01T10:13:40","slug":"elementor-1658","status":"publish","type":"page","link":"https:\/\/ineautom-dz.com\/?page_id=1658","title":{"rendered":"A propos"},"content":{"rendered":"\t\t<div data-elementor-type=\"wp-page\" data-elementor-id=\"1658\" class=\"elementor elementor-1658\">\n\t\t\t\t\t\t\t\t\t<section class=\"elementor-section elementor-top-section elementor-element elementor-element-14fb741c elementor-hidden-desktop elementor-hidden-tablet elementor-hidden-phone elementor-section-boxed elementor-section-height-default elementor-section-height-default\" data-id=\"14fb741c\" data-element_type=\"section\">\n\t\t\t\t\t\t<div class=\"elementor-container elementor-column-gap-default\">\n\t\t\t\t\t<div class=\"elementor-column elementor-col-100 elementor-top-column elementor-element elementor-element-467984d0\" data-id=\"467984d0\" data-element_type=\"column\">\n\t\t\t<div class=\"elementor-widget-wrap elementor-element-populated\">\n\t\t\t\t\t\t\t\t<div class=\"elementor-element elementor-element-5cfeeec5 elementor-widget elementor-widget-spacer\" data-id=\"5cfeeec5\" data-element_type=\"widget\" data-widget_type=\"spacer.default\">\n\t\t\t\t<div class=\"elementor-widget-container\">\n\t\t\t<style>\/*! elementor - v3.9.1 - 14-12-2022 *\/\n.elementor-column .elementor-spacer-inner{height:var(--spacer-size)}.e-con{--container-widget-width:100%}.e-con-inner>.elementor-widget-spacer,.e-con>.elementor-widget-spacer{width:var(--container-widget-width,var(--spacer-size));--align-self:var(--container-widget-align-self,initial);--flex-shrink:0}.e-con-inner>.elementor-widget-spacer>.elementor-widget-container,.e-con-inner>.elementor-widget-spacer>.elementor-widget-container>.elementor-spacer,.e-con>.elementor-widget-spacer>.elementor-widget-container,.e-con>.elementor-widget-spacer>.elementor-widget-container>.elementor-spacer{height:100%}.e-con-inner>.elementor-widget-spacer>.elementor-widget-container>.elementor-spacer>.elementor-spacer-inner,.e-con>.elementor-widget-spacer>.elementor-widget-container>.elementor-spacer>.elementor-spacer-inner{height:var(--container-widget-height,var(--spacer-size))}<\/style>\t\t<div class=\"elementor-spacer\">\n\t\t\t<div class=\"elementor-spacer-inner\"><\/div>\n\t\t<\/div>\n\t\t\t\t<\/div>\n\t\t\t\t<\/div>\n\t\t\t\t\t<\/div>\n\t\t<\/div>\n\t\t\t\t\t\t\t<\/div>\n\t\t<\/section>\n\t\t\t\t<section class=\"elementor-section elementor-top-section elementor-element elementor-element-438fbba8 elementor-hidden-desktop elementor-hidden-tablet elementor-hidden-phone elementor-section-boxed elementor-section-height-default elementor-section-height-default\" data-id=\"438fbba8\" data-element_type=\"section\">\n\t\t\t\t\t\t<div class=\"elementor-container elementor-column-gap-default\">\n\t\t\t\t\t<div class=\"elementor-column elementor-col-100 elementor-top-column elementor-element elementor-element-719c4939\" data-id=\"719c4939\" data-element_type=\"column\">\n\t\t\t<div class=\"elementor-widget-wrap elementor-element-populated\">\n\t\t\t\t\t\t\t\t<section class=\"elementor-section elementor-inner-section elementor-element elementor-element-529a2ad1 elementor-section-boxed elementor-section-height-default elementor-section-height-default\" data-id=\"529a2ad1\" data-element_type=\"section\">\n\t\t\t\t\t\t<div class=\"elementor-container elementor-column-gap-default\">\n\t\t\t\t\t<div class=\"elementor-column elementor-col-33 elementor-inner-column elementor-element elementor-element-6c9fd46a\" data-id=\"6c9fd46a\" data-element_type=\"column\">\n\t\t\t<div class=\"elementor-widget-wrap\">\n\t\t\t\t\t\t\t\t\t<\/div>\n\t\t<\/div>\n\t\t\t\t<div class=\"elementor-column elementor-col-33 elementor-inner-column elementor-element elementor-element-3e6a7024\" data-id=\"3e6a7024\" data-element_type=\"column\">\n\t\t\t<div class=\"elementor-widget-wrap elementor-element-populated\">\n\t\t\t\t\t\t\t\t<div class=\"elementor-element elementor-element-63da7daf elementor-widget elementor-widget-elementskit-heading\" data-id=\"63da7daf\" data-element_type=\"widget\" data-widget_type=\"elementskit-heading.default\">\n\t\t\t\t<div class=\"elementor-widget-container\">\n\t\t\t<div class=\"ekit-wid-con\" ><div class=\"ekit-heading elementskit-section-title-wraper text_center   ekit_heading_tablet-   ekit_heading_mobile-\"><h4 class=\"elementskit-section-subtitle  \">\n\t\t\t\t\t\tLatest ekit news\n\t\t\t\t\t<\/h4><h2 class=\"ekit-heading--title elementskit-section-title \">Ekit Latest News<\/h2><\/div><\/div>\t\t<\/div>\n\t\t\t\t<\/div>\n\t\t\t\t\t<\/div>\n\t\t<\/div>\n\t\t\t\t<div class=\"elementor-column elementor-col-33 elementor-inner-column elementor-element elementor-element-12f9d6ad\" data-id=\"12f9d6ad\" data-element_type=\"column\">\n\t\t\t<div class=\"elementor-widget-wrap\">\n\t\t\t\t\t\t\t\t\t<\/div>\n\t\t<\/div>\n\t\t\t\t\t\t\t<\/div>\n\t\t<\/section>\n\t\t\t\t\t<\/div>\n\t\t<\/div>\n\t\t\t\t\t\t\t<\/div>\n\t\t<\/section>\n\t\t\t\t<section class=\"elementor-section elementor-inner-section elementor-element elementor-element-255d0f03 elementor-hidden-desktop elementor-hidden-tablet elementor-hidden-phone elementor-section-boxed elementor-section-height-default elementor-section-height-default\" data-id=\"255d0f03\" data-element_type=\"section\">\n\t\t\t\t\t\t<div class=\"elementor-container elementor-column-gap-default\">\n\t\t\t\t\t<div class=\"elementor-column elementor-col-100 elementor-inner-column elementor-element elementor-element-79fb3ef\" data-id=\"79fb3ef\" data-element_type=\"column\">\n\t\t\t<div class=\"elementor-widget-wrap elementor-element-populated\">\n\t\t\t\t\t\t\t\t<div class=\"elementor-element elementor-element-1e38947b elementor-widget elementor-widget-elementskit-blog-posts\" data-id=\"1e38947b\" data-element_type=\"widget\" data-widget_type=\"elementskit-blog-posts.default\">\n\t\t\t\t<div class=\"elementor-widget-container\">\n\t\t\t<div class=\"ekit-wid-con\" >        <div id=\"post-items--1e38947b\" class=\"row post-items\">\n                <\/div>\n       <\/div>\t\t<\/div>\n\t\t\t\t<\/div>\n\t\t\t\t\t<\/div>\n\t\t<\/div>\n\t\t\t\t\t\t\t<\/div>\n\t\t<\/section>\n\t\t\t\t<section class=\"elementor-section elementor-top-section elementor-element elementor-element-60428df8 elementor-hidden-desktop elementor-hidden-tablet elementor-hidden-phone elementor-section-boxed elementor-section-height-default elementor-section-height-default\" data-id=\"60428df8\" data-element_type=\"section\">\n\t\t\t\t\t\t<div class=\"elementor-container elementor-column-gap-default\">\n\t\t\t\t\t<div class=\"elementor-column elementor-col-100 elementor-top-column elementor-element elementor-element-22ddeb95\" data-id=\"22ddeb95\" data-element_type=\"column\">\n\t\t\t<div class=\"elementor-widget-wrap elementor-element-populated\">\n\t\t\t\t\t\t\t\t<div class=\"elementor-element elementor-element-2d919bd7 elementor-widget elementor-widget-spacer\" data-id=\"2d919bd7\" data-element_type=\"widget\" data-widget_type=\"spacer.default\">\n\t\t\t\t<div class=\"elementor-widget-container\">\n\t\t\t\t\t<div class=\"elementor-spacer\">\n\t\t\t<div class=\"elementor-spacer-inner\"><\/div>\n\t\t<\/div>\n\t\t\t\t<\/div>\n\t\t\t\t<\/div>\n\t\t\t\t\t<\/div>\n\t\t<\/div>\n\t\t\t\t\t\t\t<\/div>\n\t\t<\/section>\n\t\t\t\t<section class=\"elementor-section elementor-top-section elementor-element elementor-element-fcc6cdc elementor-section-boxed elementor-section-height-default elementor-section-height-default\" data-id=\"fcc6cdc\" data-element_type=\"section\">\n\t\t\t\t\t\t<div class=\"elementor-container elementor-column-gap-default\">\n\t\t\t\t\t<div class=\"elementor-column elementor-col-100 elementor-top-column elementor-element elementor-element-c68303e\" data-id=\"c68303e\" data-element_type=\"column\">\n\t\t\t<div class=\"elementor-widget-wrap elementor-element-populated\">\n\t\t\t\t\t\t\t\t<div class=\"elementor-element elementor-element-121f575 elementor-widget elementor-widget-slider_revolution\" data-id=\"121f575\" data-element_type=\"widget\" data-widget_type=\"slider_revolution.default\">\n\t\t\t\t<div class=\"elementor-widget-container\">\n\t\t\t\n\t\t<div class=\"wp-block-themepunch-revslider\">\n\t\t\t<!-- START a propos REVOLUTION SLIDER 6.5.7 --><p class=\"rs-p-wp-fix\"><\/p>\n\t\t\t<rs-module-wrap id=\"rev_slider_4_1_wrapper\" data-source=\"gallery\" style=\"visibility:hidden;background:transparent;padding:0;margin:0px auto;margin-top:0;margin-bottom:0;\">\n\t\t\t\t<rs-module id=\"rev_slider_4_1\" style=\"\" data-version=\"6.5.7\">\n\t\t\t\t\t<rs-slides>\n\t\t\t\t\t\t<rs-slide style=\"position: absolute;\" data-key=\"rs-14\" data-title=\"Slide\" data-anim=\"d:40;\" data-filter=\"b:3;\" data-in=\"prst:rndany;o:0;x:cyc(-100%|-100%|100%|100%);y:cyc(-20%|20%|-20%|20%);r:cyc(-20|20|-20|20);sx:0.5;sy:0.5;row:2;col:2;\" data-out=\"o:0;x:cyc(5%|5%|-5%|-5%);y:cyc(4%|-4%|4%|-4%);sx:0.8;sy:0.8;row:2;col:2;\">\n\t\t\t\t\t\t\t<img loading=\"lazy\" decoding=\"async\" src=\"\/\/ineautom-dz.com\/wp-content\/plugins\/revslider\/public\/assets\/assets\/dummy.png\" title=\"introduction-to-industry\" width=\"1148\" height=\"500\" class=\"rev-slidebg tp-rs-img rs-lazyload\" data-lazyload=\"\/\/ineautom-dz.com\/wp-content\/uploads\/2024\/02\/introduction-to-industry.jpg\" data-no-retina>\n<!--\n\t\t\t\t\t\t\t--><rs-group\n\t\t\t\t\t\t\t\tid=\"slider-4-slide-14-layer-5\" \n\t\t\t\t\t\t\t\tdata-type=\"group\"\n\t\t\t\t\t\t\t\tdata-rsp_ch=\"on\"\n\t\t\t\t\t\t\t\tdata-xy=\"xo:-35px,122px,11px,17px;yo:80px,110px,43px,62px;\"\n\t\t\t\t\t\t\t\tdata-text=\"w:normal;s:20,15,15,9;l:0,18,18,11;\"\n\t\t\t\t\t\t\t\tdata-dim=\"w:647px,491px,491px,293px;h:128px,128px,149px,102px;\"\n\t\t\t\t\t\t\t\tdata-frame_0=\"o:1;\"\n\t\t\t\t\t\t\t\tdata-frame_0_chars=\"d:5;x:105%;o:1;rY:45deg;rZ:90deg;\"\n\t\t\t\t\t\t\t\tdata-frame_0_mask=\"u:t;\"\n\t\t\t\t\t\t\t\tdata-frame_1=\"st:870;sp:1200;sR:870;\"\n\t\t\t\t\t\t\t\tdata-frame_1_chars=\"e:power4.inOut;d:10;rZ:0deg;\"\n\t\t\t\t\t\t\t\tdata-frame_1_mask=\"u:t;\"\n\t\t\t\t\t\t\t\tdata-frame_999=\"o:0;st:w;sR:6930;sA:9000;\"\n\t\t\t\t\t\t\t\tstyle=\"z-index:12;background-color:rgba(0,148,125,0.77);\"\n\t\t\t\t\t\t\t><!--\n\t\t\t\t\t\t\t\t--><rs-layer\n\t\t\t\t\t\t\t\t\tid=\"slider-4-slide-14-layer-4\" \n\t\t\t\t\t\t\t\t\tdata-type=\"text\"\n\t\t\t\t\t\t\t\t\tdata-color=\"#000000\"\n\t\t\t\t\t\t\t\t\tdata-rsp_ch=\"on\"\n\t\t\t\t\t\t\t\t\tdata-xy=\"x:c;xo:-13px,0,0,2px;y:m;yo:-33px,0,0,-22px;\"\n\t\t\t\t\t\t\t\t\tdata-text=\"w:normal;s:20,15,19,16;l:30,22,28,19;ls:2,1,1,0px;fw:700;\"\n\t\t\t\t\t\t\t\t\tdata-dim=\"w:570px,433px,577px,294px;\"\n\t\t\t\t\t\t\t\t\tdata-frame_0=\"x:-175%;o:1;\"\n\t\t\t\t\t\t\t\t\tdata-frame_0_mask=\"u:t;x:100%;\"\n\t\t\t\t\t\t\t\t\tdata-frame_1=\"e:power3.out;st:2100;sp:1000;sR:3230;\"\n\t\t\t\t\t\t\t\t\tdata-frame_1_mask=\"u:t;\"\n\t\t\t\t\t\t\t\t\tdata-frame_999=\"o:0;st:w;sR:3900;\"\n\t\t\t\t\t\t\t\t\tstyle=\"z-index:11;font-family:'Fira Sans Condensed';text-transform:uppercase;\"\n\t\t\t\t\t\t\t\t>SARL INDUSTRIAL ENGINEERING AND AUTOMATION INEAUTOM \n\t\t\t\t\t\t\t\t<\/rs-layer><!--\n\n\t\t\t\t\t\t\t\t--><rs-layer\n\t\t\t\t\t\t\t\t\tid=\"slider-4-slide-14-layer-21\" \n\t\t\t\t\t\t\t\t\tdata-type=\"text\"\n\t\t\t\t\t\t\t\t\tdata-color=\"#fff\"\n\t\t\t\t\t\t\t\t\tdata-rsp_ch=\"on\"\n\t\t\t\t\t\t\t\t\tdata-xy=\"x:l,l,r,l;xo:235px,189px,48px,130px;yo:63px,41px,93px,61px;\"\n\t\t\t\t\t\t\t\t\tdata-text=\"w:normal;s:30,16,37,27;l:40,30,30,18;ls:1,0,0,0;fw:500;a:center;\"\n\t\t\t\t\t\t\t\t\tdata-dim=\"w:214px,302px,399px,161px;h:auto,auto,auto,34px;minh:0px,none,none,none;\"\n\t\t\t\t\t\t\t\t\tdata-frame_1=\"st:1800;sp:580;sR:930;\"\n\t\t\t\t\t\t\t\t\tdata-frame_999=\"o:0;st:w;sR:6620;\"\n\t\t\t\t\t\t\t\t\tstyle=\"z-index:10;font-family:'Roboto';\"\n\t\t\t\t\t\t\t\t> A propos \n\t\t\t\t\t\t\t\t<\/rs-layer><!--\n\t\t\t\t\t\t\t--><\/rs-group><!--\n-->\t\t\t\t\t\t<\/rs-slide>\n\t\t\t\t\t<\/rs-slides>\n\t\t\t\t\t<rs-static-layers><!--\n\t\t\t\t\t--><\/rs-static-layers>\n\t\t\t\t<\/rs-module>\n\t\t\t\t<script type=\"text\/javascript\">\n\t\t\t\t\tsetREVStartSize({c: 'rev_slider_4_1',rl:[1240,1024,778,480],el:[420,420,420,420],gw:[1024,778,778,480],gh:[420,420,420,420],type:'hero',justify:'',layout:'fullwidth',mh:\"0\"});if (window.RS_MODULES!==undefined && window.RS_MODULES.modules!==undefined && window.RS_MODULES.modules[\"revslider41\"]!==undefined) {window.RS_MODULES.modules[\"revslider41\"].once = false;window.revapi4 = undefined;if (window.RS_MODULES.checkMinimal!==undefined) window.RS_MODULES.checkMinimal()}\n\t\t\t\t<\/script>\n\t\t\t<\/rs-module-wrap>\n\t\t\t<!-- END REVOLUTION SLIDER -->\n<\/div>\n\n\t\t\t\t<\/div>\n\t\t\t\t<\/div>\n\t\t\t\t\t<\/div>\n\t\t<\/div>\n\t\t\t\t\t\t\t<\/div>\n\t\t<\/section>\n\t\t\t\t<section class=\"elementor-section elementor-top-section elementor-element elementor-element-8a319d4 elementor-section-boxed elementor-section-height-default elementor-section-height-default\" data-id=\"8a319d4\" data-element_type=\"section\">\n\t\t\t\t\t\t<div class=\"elementor-container elementor-column-gap-default\">\n\t\t\t\t\t<div class=\"elementor-column elementor-col-50 elementor-top-column elementor-element elementor-element-118aee52\" data-id=\"118aee52\" data-element_type=\"column\">\n\t\t\t<div class=\"elementor-widget-wrap elementor-element-populated\">\n\t\t\t\t\t\t\t\t<div class=\"elementor-element elementor-element-36745563 elementor-widget elementor-widget-elementskit-heading\" data-id=\"36745563\" data-element_type=\"widget\" data-widget_type=\"elementskit-heading.default\">\n\t\t\t\t<div class=\"elementor-widget-container\">\n\t\t\t<div class=\"ekit-wid-con\" ><div class=\"ekit-heading elementskit-section-title-wraper text_left   ekit_heading_tablet-   ekit_heading_mobile-\"><h3 class=\"elementskit-section-subtitle  \">\n\t\t\t\t\t\tSarl INDUSTRIAL ENGINEERING AND AUTOMATION INEAUTOM\n\t\t\t\t\t<\/h3><h2 class=\"ekit-heading--title elementskit-section-title \">Qui sommes nous? <\/h2>\t\t\t\t<div class='ekit-heading__description'>\n\t\t\t\t\t<p>Est une entreprise sp\u00e9cialis\u00e9e dans le domaine d\u2019\u00e9lectricit\u00e9, automatisme, \u00e9lectrom\u00e9canique et hydrom\u00e9canique, commen\u00e7ant<br \/>par l\u2019\u00e9tude allant \u00e0 la mise en service et jusqu\u2019\u00e0 l\u2019exploitation et la maintenance.<\/p>\n\t\t\t\t<\/div>\n\t\t\t<\/div><\/div>\t\t<\/div>\n\t\t\t\t<\/div>\n\t\t\t\t\t<\/div>\n\t\t<\/div>\n\t\t\t\t<div class=\"elementor-column elementor-col-50 elementor-top-column elementor-element elementor-element-2b3b447a\" data-id=\"2b3b447a\" data-element_type=\"column\">\n\t\t\t<div class=\"elementor-widget-wrap elementor-element-populated\">\n\t\t\t\t\t\t\t\t<div class=\"elementor-element elementor-element-3f5c5947 elementor-widget elementor-widget-image\" data-id=\"3f5c5947\" data-element_type=\"widget\" data-widget_type=\"image.default\">\n\t\t\t\t<div class=\"elementor-widget-container\">\n\t\t\t<style>\/*! elementor - v3.9.1 - 14-12-2022 *\/\n.elementor-widget-image{text-align:center}.elementor-widget-image a{display:inline-block}.elementor-widget-image a img[src$=\".svg\"]{width:48px}.elementor-widget-image img{vertical-align:middle;display:inline-block}<\/style>\t\t\t\t\t\t\t\t\t\t\t\t<img loading=\"lazy\" decoding=\"async\" width=\"1140\" height=\"623\" src=\"https:\/\/ineautom-dz.com\/wp-content\/uploads\/2024\/01\/pompe-a-eau-1.jpg\" class=\"attachment-full size-full wp-image-2285\" alt=\"\" srcset=\"https:\/\/ineautom-dz.com\/wp-content\/uploads\/2024\/01\/pompe-a-eau-1.jpg 1140w, https:\/\/ineautom-dz.com\/wp-content\/uploads\/2024\/01\/pompe-a-eau-1-300x164.jpg 300w, https:\/\/ineautom-dz.com\/wp-content\/uploads\/2024\/01\/pompe-a-eau-1-1024x560.jpg 1024w, https:\/\/ineautom-dz.com\/wp-content\/uploads\/2024\/01\/pompe-a-eau-1-768x420.jpg 768w\" sizes=\"(max-width: 1140px) 100vw, 1140px\" \/>\t\t\t\t\t\t\t\t\t\t\t\t\t\t\t<\/div>\n\t\t\t\t<\/div>\n\t\t\t\t\t<\/div>\n\t\t<\/div>\n\t\t\t\t\t\t\t<\/div>\n\t\t<\/section>\n\t\t\t\t<section class=\"elementor-section elementor-top-section elementor-element elementor-element-4c11238 elementor-section-boxed elementor-section-height-default elementor-section-height-default\" data-id=\"4c11238\" data-element_type=\"section\">\n\t\t\t\t\t\t<div class=\"elementor-container elementor-column-gap-default\">\n\t\t\t\t\t<div class=\"elementor-column elementor-col-50 elementor-top-column elementor-element elementor-element-3288efe\" data-id=\"3288efe\" data-element_type=\"column\">\n\t\t\t<div class=\"elementor-widget-wrap elementor-element-populated\">\n\t\t\t\t\t\t\t\t<div class=\"elementor-element elementor-element-66d404f elementor-invisible elementor-widget elementor-widget-image\" data-id=\"66d404f\" data-element_type=\"widget\" data-settings=\"{&quot;_animation&quot;:&quot;fadeInRight&quot;}\" data-widget_type=\"image.default\">\n\t\t\t\t<div class=\"elementor-widget-container\">\n\t\t\t\t\t\t\t\t\t\t\t\t\t\t\t<img loading=\"lazy\" decoding=\"async\" width=\"300\" height=\"200\" src=\"https:\/\/ineautom-dz.com\/wp-content\/uploads\/2024\/01\/73_p6_20190910175917-300x200.jpg\" class=\"attachment-medium size-medium wp-image-2280\" alt=\"\" srcset=\"https:\/\/ineautom-dz.com\/wp-content\/uploads\/2024\/01\/73_p6_20190910175917-300x200.jpg 300w, https:\/\/ineautom-dz.com\/wp-content\/uploads\/2024\/01\/73_p6_20190910175917-1024x683.jpg 1024w, https:\/\/ineautom-dz.com\/wp-content\/uploads\/2024\/01\/73_p6_20190910175917-768x512.jpg 768w, https:\/\/ineautom-dz.com\/wp-content\/uploads\/2024\/01\/73_p6_20190910175917.jpg 1200w\" sizes=\"(max-width: 300px) 100vw, 300px\" \/>\t\t\t\t\t\t\t\t\t\t\t\t\t\t\t<\/div>\n\t\t\t\t<\/div>\n\t\t\t\t\t<\/div>\n\t\t<\/div>\n\t\t\t\t<div class=\"elementor-column elementor-col-50 elementor-top-column elementor-element elementor-element-9dd8c50\" data-id=\"9dd8c50\" data-element_type=\"column\">\n\t\t\t<div class=\"elementor-widget-wrap elementor-element-populated\">\n\t\t\t\t\t\t\t\t<div class=\"elementor-element elementor-element-82645c5 elementor-invisible elementor-widget elementor-widget-elementskit-heading\" data-id=\"82645c5\" data-element_type=\"widget\" data-settings=\"{&quot;_animation&quot;:&quot;fadeInUp&quot;}\" data-widget_type=\"elementskit-heading.default\">\n\t\t\t\t<div class=\"elementor-widget-container\">\n\t\t\t<div class=\"ekit-wid-con\" ><div class=\"ekit-heading elementskit-section-title-wraper text_left   ekit_heading_tablet-   ekit_heading_mobile-\">\t\t\t\t<span class='ekit-heading__shadow-text'>\n\t\t\t\t\tbussiness\t\t\t\t<\/span>\n\t\t\t<h2 class=\"ekit-heading--title elementskit-section-title \"> A Propos  <\/h2><div class=\"ekit_heading_separetor_wraper ekit_heading_elementskit-border-divider\"><div class=\"elementskit-border-divider\"><\/div><\/div>\t\t\t\t<div class='ekit-heading__description'>\n\t\t\t\t\t<p>Sarl Ineautom Engineering con\u00e7oit et r\u00e9alise des solutions techniques innovantes et conformes \u00e0 vos besoins dans les m\u00e9tiers de l\u2019\u00e9lectricit\u00e9 industrielle, de l\u2019automatisme, de l\u2019instrumentation et la fabrication d\u2019armoires \u00e9lectriques et automatiques.<\/p>\n\t\t\t\t<\/div>\n\t\t\t<\/div><\/div>\t\t<\/div>\n\t\t\t\t<\/div>\n\t\t\t\t\t<\/div>\n\t\t<\/div>\n\t\t\t\t\t\t\t<\/div>\n\t\t<\/section>\n\t\t\t\t\t\t\t<\/div>\n\t\t\n    <div class=\"xs_social_share_widget xs_share_url after_content \t\tmain_content  wslu-style-1 wslu-share-box-shaped wslu-fill-colored wslu-none wslu-share-horizontal wslu-theme-font-no wslu-main_content\">\n\n\t\t\n        <ul>\n\t\t\t        <\/ul>\n    <\/div> \n","protected":false},"excerpt":{"rendered":"<p>Latest ekit news Ekit Latest News Sarl INDUSTRIAL ENGINEERING AND AUTOMATION INEAUTOM Qui sommes nous? Est une entreprise sp\u00e9cialis\u00e9e dans le domaine d\u2019\u00e9lectricit\u00e9, automatisme, \u00e9lectrom\u00e9canique et hydrom\u00e9canique, commen\u00e7antpar l\u2019\u00e9tude allant \u00e0 la mise en service et jusqu\u2019\u00e0 l\u2019exploitation et la maintenance. bussiness A Propos Sarl Ineautom Engineering con\u00e7oit et r\u00e9alise des solutions techniques innovantes et [&hellip;]<\/p>\n","protected":false},"author":1,"featured_media":0,"parent":0,"menu_order":0,"comment_status":"closed","ping_status":"closed","template":"page-templates\/pagebuilder.php","meta":{"_themeisle_gutenberg_block_has_review":false,"footnotes":""},"acf":[],"_links":{"self":[{"href":"https:\/\/ineautom-dz.com\/index.php?rest_route=\/wp\/v2\/pages\/1658"}],"collection":[{"href":"https:\/\/ineautom-dz.com\/index.php?rest_route=\/wp\/v2\/pages"}],"about":[{"href":"https:\/\/ineautom-dz.com\/index.php?rest_route=\/wp\/v2\/types\/page"}],"author":[{"embeddable":true,"href":"https:\/\/ineautom-dz.com\/index.php?rest_route=\/wp\/v2\/users\/1"}],"replies":[{"embeddable":true,"href":"https:\/\/ineautom-dz.com\/index.php?rest_route=%2Fwp%2Fv2%2Fcomments&post=1658"}],"version-history":[{"count":40,"href":"https:\/\/ineautom-dz.com\/index.php?rest_route=\/wp\/v2\/pages\/1658\/revisions"}],"predecessor-version":[{"id":2339,"href":"https:\/\/ineautom-dz.com\/index.php?rest_route=\/wp\/v2\/pages\/1658\/revisions\/2339"}],"wp:attachment":[{"href":"https:\/\/ineautom-dz.com\/index.php?rest_route=%2Fwp%2Fv2%2Fmedia&parent=1658"}],"curies":[{"name":"wp","href":"https:\/\/api.w.org\/{rel}","templated":true}]}}